{"id":3132,"date":"2023-09-26T17:08:57","date_gmt":"2023-09-26T17:08:57","guid":{"rendered":"https:\/\/www.opus.ee\/?page_id=3132"},"modified":"2024-11-12T11:40:55","modified_gmt":"2024-11-12T11:40:55","slug":"vii-oma-e-pood-uuele-tasemele","status":"publish","type":"page","link":"https:\/\/www.opus.ee\/en\/vii-oma-e-pood-uuele-tasemele\/","title":{"rendered":"Vii oma e-pood uuele tasemele"},"content":{"rendered":"<ul class=\"list-logos\">\n<li><a title=\"Apotheka\" href=\"#\"><br \/>\n<img loading=\"lazy\" decoding=\"async\" src=\"\/tmp\/logo_apotheka.svg\" alt=\"Apotheka\" width=\"100\" height=\"50\" \/><br \/>\n<\/a><\/li>\n<li><a title=\"LQA\" href=\"#\"><br \/>\n<img loading=\"lazy\" decoding=\"async\" src=\"\/tmp\/logo_lqa.svg\" alt=\"LQA\" width=\"100\" height=\"50\" \/><br \/>\n<\/a><\/li>\n<li><a title=\"SEB\" href=\"#\"><br \/>\n<img loading=\"lazy\" decoding=\"async\" src=\"\/tmp\/logo_seb.svg\" alt=\"SEB\" width=\"100\" height=\"50\" \/><br \/>\n<\/a><\/li>\n<li><a title=\"Luminor\" href=\"#\"><br \/>\n<img loading=\"lazy\" decoding=\"async\" src=\"\/tmp\/logo_luminor.svg\" alt=\"Luminor\" width=\"100\" height=\"50\" \/><br \/>\n<\/a><\/li>\n<li><a title=\"\u00c4rip\u00e4ev\" href=\"#\"><br \/>\n<img loading=\"lazy\" decoding=\"async\" src=\"https:\/\/www.opus.ee\/wp-content\/uploads\/2023\/10\/logotype-aripaev.svg\" alt=\"\u00c4rip\u00e4ev\" width=\"100\" height=\"50\"\/><\/a>\n<\/li>\n<li><a title=\"LHV\" href=\"#\"><br \/>\n<img loading=\"lazy\" decoding=\"async\" src=\"https:\/\/www.opus.ee\/wp-content\/uploads\/2023\/10\/logotype-lhv.svg\" alt=\"LHV\" width=\"100\" height=\"50\"\/><br \/>\n<\/a><\/li>\n<\/ul>\n\n<div class=\"block\">\n<div class=\"block__inner\">\n<div class=\"split\">\n<div>\n<h2 class=\"h3\">Miks Opus?<\/h2>\n<div class=\"well nocube theme-tailor\">\n<dl class=\"list-checkboxes theme-ecom\">\n<dt>Pikaajaline kogemus erilahenduste ja liidestega<\/dt>\n<dd>Directo, Erply, SAP, Microsoft Nav (Dynamics 365 Business Central) jpt.<\/dd>\n<dt>S\u00fcsteemne koost\u00f6\u00f6protsess partneriga<\/dt>\n<dd>T\u00e4nu igan\u00e4dalastele koosolekutele kliendiga tagame efektiivsuse ja l\u00e4bipaistvuse.<\/dd>\n<dt>Tugitiim on koost\u00f6\u00f6 loomulik osa<\/dt>\n<dd>Tugitiim vastutab kiire hooldusprotsessi eest nii arendusfaasis kui ka projekti \u00fcleandmise j\u00e4rgselt.<\/dd>\n<dt>E-poe kiire check-out protsessi ehitamise kogemus<\/dt>\n<dd>Toetudes oma pikale kogemusele, tagavad meie tehnilised lahendused l\u00f5ppkasutaja jaoks sujuva ja kiire ostuprotsessi ka E-smasp\u00e4eval.<\/dd>\n<dt>WCAG standarditele vastavus<\/dt>\n<dd>Alates 2025. aastast peavad k\u00f5ik e-poed lahendama kasutajakogemuse ja disaini l\u00e4htuvalt WCAG uutele n\u00f5uetele, et tagada ligip\u00e4\u00e4setavus erivajadustega inimestele.<\/dd>\n<\/dl>\n<\/div>\n<\/div>\n<div>\n<h2 class=\"h3\">Milline on kvaliteetne e-pood?<\/h2>\n<div class=\"well nocube theme-ecom\">\n<dl class=\"list-checkboxes theme-ecom\">\n<dt>Kiire ja mugav ostukogemus<\/dt>\n<dd>Uuringud n\u00e4itavad, et 9 inimest 10-st katkestab ostu, kui e-pood on aeglane v\u00f5i seda on keeruline kasutada. Mugav ja kiire e-poe lahendus j\u00e4tab klientidele positiivse kogemuse ning on t\u00f5en\u00e4olisem, et nad teevad ka tulevikus seal oma oste.<\/dd>\n<dt>Pidev tugi ja t\u00e4iustamine<\/dt>\n<dd>Kvaliteetse e-poe hoidmine ajakohasena on oluline \u2013 regulaarne hooldus ja uuendused tagavad p\u00fcsiva t\u00f6\u00f6kindluse ja optimaalse kasutajakogemuse.<\/dd>\n<dt>Mobiilis\u00f5bralikkus ja juurdep\u00e4\u00e4setavus<\/dt>\n<dd>\u00dcha enam oste tehakse telefonis, seega on e-poe mobiilis\u00f5bralikkus ja vastavus WCAG n\u00f5uetele esmat\u00e4htis, et tagada mugav ostukogemus k\u00f5igile.<\/dd>\n<dt>Paindlik kasv ja s\u00fcsteemide \u00fchildamine<\/dt>\n<dd>Suurte tootekataloogidega e-poed vajavad v\u00f5imekat lahendust, mis kasvab koos ettev\u00f5tte vajadustega ja mis \u00fchildub raamatupidamise ja laotarkvaraga.<\/dd>\n<\/dl>\n<\/div>\n<\/div>\n<\/div>\n<ul class=\"stats\">\n<li>\n<div class=\"stats__label\">14<\/div>\n<div class=\"stats__value\">aastat kogemust<\/div>\n<\/li>\n<li>\n<div class=\"stats__label\">30+<\/div>\n<div class=\"stats__value\">Magento e-poodi<\/div>\n<\/li>\n<li>\n<div class=\"stats__label\">40+<\/div>\n<div class=\"stats__value\">tarkvara erilahendust<\/div>\n<\/li>\n<li>\n<div class=\"stats__label\">20+<\/div>\n<div class=\"stats__value\">klienti globaalselt<\/div>\n<\/li>\n<\/ul>\n<\/div>\n<\/div>\n<div class=\"block theme-lightest\">\n<div class=\"block__inner\">\n<h2>Tehtud t\u00f6\u00f6d<\/h2>\n\n<\/div>\n<p>&nbsp;<\/p>\n<\/div>\n<div class=\"block\">\n<div class=\"block__inner\">\n<h2 class=\"h3\">Kliendid meist<\/h2>\n<ul class=\"list-feedback vertical\">\n<li style=\"list-style-type: none;\">\n<ul class=\"list-feedback vertical\">\n<li style=\"list-style-type: none;\">\n<ul class=\"list-feedback vertical\">\n<li>\n<div class=\"list-feedback__image\"><img loading=\"lazy\" decoding=\"async\" class=\"wp-image-3790 size-medium alignnone\" src=\"https:\/\/www.opus.ee\/wp-content\/uploads\/2023\/11\/LHV-portreed-MSM-524x393.jpg\" alt=\"\" width=\"524\" height=\"393\" srcset=\"https:\/\/www.opus.ee\/wp-content\/uploads\/2023\/11\/LHV-portreed-MSM-524x393.jpg 524w, https:\/\/www.opus.ee\/wp-content\/uploads\/2023\/11\/LHV-portreed-MSM-1024x768.jpg 1024w, https:\/\/www.opus.ee\/wp-content\/uploads\/2023\/11\/LHV-portreed-MSM-768x576.jpg 768w, https:\/\/www.opus.ee\/wp-content\/uploads\/2023\/11\/LHV-portreed-MSM-1536x1152.jpg 1536w, https:\/\/www.opus.ee\/wp-content\/uploads\/2023\/11\/LHV-portreed-MSM-2048x1536.jpg 2048w, https:\/\/www.opus.ee\/wp-content\/uploads\/2023\/11\/LHV-portreed-MSM-762x572.jpg 762w\" sizes=\"auto, (max-width: 524px) 100vw, 524px\" \/><\/div>\n<div class=\"list-feedback__text\">\n<p>&#8220;Algne umbusk uue partneri osas oli asjatu. Opus meeskond s\u00fcvenes kiirelt meie \u00e4risse ja tegi valdkonna endale selgeks. Keerulises projektis julgeti ausalt probleemidest r\u00e4\u00e4kida ja oldi lahendustele orienteeritud. Antud lubadustest pidas meeskond kinni ja oli igati tasemel. Nii sujuvaid ja probleemivabasid uuendusi \u00e4rikriitilise s\u00fcsteemi juures n\u00e4eb harva. Koost\u00f6\u00f6 on olnud v\u00e4ga meeldiv&#8221;<\/p>\n<p class=\"list-feedback__author\">Martti-Sten Merilai<\/p>\n<p class=\"list-feedback__company\">LHV Kindlustus, juhatuse esimees<\/p>\n<\/div>\n<\/li>\n<li>\n<div class=\"list-feedback__image\"><img loading=\"lazy\" decoding=\"async\" class=\"alignnone wp-image-3761 size-person-tiny\" src=\"https:\/\/www.opus.ee\/wp-content\/uploads\/2023\/10\/photoSilverGutmann-0545-150x200.jpg\" alt=\"\" width=\"150\" height=\"200\" srcset=\"https:\/\/www.opus.ee\/wp-content\/uploads\/2023\/10\/photoSilverGutmann-0545-150x200.jpg 150w, https:\/\/www.opus.ee\/wp-content\/uploads\/2023\/10\/photoSilverGutmann-0545-710x950.jpg 710w\" sizes=\"auto, (max-width: 150px) 100vw, 150px\" \/><\/div>\n<div class=\"list-feedback__text\">\n<p>&#8220;Meile v\u00e4ga meeldis Opuse t\u00f6\u00f6protsessi korraldus arenduse ajal. Meid ei ole oma murede ja k\u00fcsimustega \u00fcksi j\u00e4etud ka p\u00e4rast e-poe \u00fcleandmist.&#8221;<\/p>\n<p class=\"list-feedback__author\">Stiina Klementsov<\/p>\n<p class=\"list-feedback__company\">Turunduse ja arenduse direktor, Andbeauty e-kaubamaja<\/p>\n<\/div>\n<\/li>\n<\/ul>\n<\/li>\n<\/ul>\n<\/li>\n<\/ul>\n<\/div>\n<\/div>\n<div id=\"contact\" class=\"block theme-lightest\">\n<div class=\"block__inner\">\n<div class=\"split\">\n<div>\n<div>\n<h2 class=\"h3\">V\u00f5ta \u00fchendust<\/h2>\n<p>Me soovime katta k\u00f5ik sinu e-kommerts arenduse vajadused, et saaksid keskenduda oma ettev\u00f5tte ehitamisele ja kasvatamisele.<\/p>\n<div class=\"contact\">\n<div class=\"contact__image\"><img loading=\"lazy\" decoding=\"async\" class=\"alignnone wp-image-3529 size-person-tiny\" src=\"https:\/\/www.opus.ee\/wp-content\/uploads\/2023\/09\/margus-eha2-150x200.jpg\" alt=\"\" width=\"150\" height=\"200\" \/><\/div>\n<div class=\"contact__details\">\n<p>Margus Eha<\/p>\n<p>Tegevjuht, \u00c4riarendus<\/p>\n<ul class=\"contact__contacts\">\n<li class=\"phone\"><a href=\"tel:+372 682 7975\">+372 682 7975<\/a><\/li>\n<li class=\"mail\"><a href=\"mailto:info@opus.ee\">info@opus.ee<\/a><\/li>\n<\/ul>\n<\/div>\n<\/div>\n<\/div>\n<\/div>\n<div style=\"margin-right: 8px !important;\">\n<div class=\"wpcf7 no-js\" id=\"wpcf7-f3145-o1\" lang=\"en-US\" dir=\"ltr\" data-wpcf7-id=\"3145\">\n<div class=\"screen-reader-response\"><p role=\"status\" aria-live=\"polite\" aria-atomic=\"true\"><\/p> <ul><\/ul><\/div>\n<form action=\"\/en\/wp-json\/wp\/v2\/pages\/3132#wpcf7-f3145-o1\" method=\"post\" class=\"wpcf7-form init\" aria-label=\"Contact form\" novalidate=\"novalidate\" data-status=\"init\">\n<fieldset class=\"hidden-fields-container\"><input type=\"hidden\" name=\"_wpcf7\" value=\"3145\" \/><input type=\"hidden\" name=\"_wpcf7_version\" value=\"6.1.5\" \/><input type=\"hidden\" name=\"_wpcf7_locale\" value=\"en_US\" \/><input type=\"hidden\" name=\"_wpcf7_unit_tag\" value=\"wpcf7-f3145-o1\" \/><input type=\"hidden\" name=\"_wpcf7_container_post\" value=\"0\" \/><input type=\"hidden\" name=\"_wpcf7_posted_data_hash\" value=\"\" \/><input type=\"hidden\" name=\"_cf7a__timestamp\" value=\"G5HG4LuWmiAAbTb5CUCrkQ==\" \/><input type=\"hidden\" name=\"_cf7a_version\" value=\"1.0\" \/><input type=\"hidden\" name=\"_cf7a_address\" value=\"\" \/><input type=\"hidden\" name=\"_cf7a_referer\" value=\"\" \/><input type=\"hidden\" name=\"_cf7a_protocol\" value=\"\" \/><input type=\"hidden\" name=\"_cf7a_bot_fingerprint\" value=\"G5HG4LuWmiAAbTb5CUCrkQ==\" \/><input type=\"hidden\" name=\"_cf7a_bot_fingerprint_extras\" \/><input type=\"hidden\" name=\"_cf7a_append_on_submit\" \/>\n<\/fieldset>\n<p><label><span class=\"visually-hidden\">Nimi<\/span><br \/>\n<span class=\"wpcf7-form-control-wrap\" data-name=\"your-name\"><input size=\"40\" maxlength=\"400\" class=\"wpcf7-form-control wpcf7-text wpcf7-validates-as-required\" autocomplete=\"name\" aria-required=\"true\" aria-invalid=\"false\" placeholder=\"Nimi\" value=\"\" type=\"text\" name=\"your-name\" \/><input type=\"text\" name=\"name\" value=\"\" autocomplete=\"fill\" class=\"fit-the-fullspace\" aria-hidden=\"true\" tabindex=\"-1\" \/><\/span> <\/label>\n<\/p>\n<p><label><span class=\"visually-hidden\">E-mail<\/span><br \/>\n<span class=\"wpcf7-form-control-wrap\" data-name=\"your-email\"><input size=\"40\" maxlength=\"400\" class=\"wpcf7-form-control wpcf7-email wpcf7-validates-as-required wpcf7-text wpcf7-validates-as-email\" autocomplete=\"email\" aria-required=\"true\" aria-invalid=\"false\" placeholder=\"E-mail\" value=\"\" type=\"email\" name=\"your-email\" \/><\/span> <\/label>\n<\/p>\n<p><label><span class=\"visually-hidden\">Sinu s\u00f5num<\/span><br \/>\n<span class=\"wpcf7-form-control-wrap\" data-name=\"your-message\"><textarea cols=\"40\" rows=\"10\" maxlength=\"2000\" class=\"wpcf7-form-control wpcf7-textarea\" aria-invalid=\"false\" placeholder=\"Sinu s\u00f5num\" name=\"your-message\"><\/textarea><\/span> <\/label>\n<\/p>\n<p><button type=\"submit\" class=\"wpcf7-form-control wpcf7-submit\">Saada kiri<\/button>\n<\/p><div class=\"wpcf7-response-output\" aria-hidden=\"true\"><\/div>\n<\/form>\n<\/div>\n<\/div>\n<\/div>\n<\/div>\n<\/div>\n\n<p><script>\n  fbq('track', 'Contact');\n<\/script><\/p>\n","protected":false},"excerpt":{"rendered":"<p>Miks Opus? Pikaajaline kogemus erilahenduste ja liidestega Directo, Erply, SAP, Microsoft Nav (Dynamics 365 Business Central) jpt. S\u00fcsteemne koost\u00f6\u00f6protsess partneriga T\u00e4nu igan\u00e4dalastele koosolekutele kliendiga tagame efektiivsuse ja l\u00e4bipaistvuse. Tugitiim on koost\u00f6\u00f6 loomulik osa Tugitiim vastutab kiire hooldusprotsessi eest nii arendusfaasis kui ka projekti \u00fcleandmise j\u00e4rgselt. E-poe kiire check-out protsessi ehitamise kogemus Toetudes oma pikale kogemusele,&hellip;<\/p>\n","protected":false},"author":4,"featured_media":3108,"parent":0,"menu_order":0,"comment_status":"closed","ping_status":"closed","template":"page-minimal.php","meta":{"_acf_changed":false,"inline_featured_image":false,"footnotes":""},"class_list":["post-3132","page","type-page","status-publish","has-post-thumbnail","hentry"],"acf":[],"aioseo_notices":[],"_links":{"self":[{"href":"https:\/\/www.opus.ee\/en\/wp-json\/wp\/v2\/pages\/3132","targetHints":{"allow":["GET"]}}],"collection":[{"href":"https:\/\/www.opus.ee\/en\/wp-json\/wp\/v2\/pages"}],"about":[{"href":"https:\/\/www.opus.ee\/en\/wp-json\/wp\/v2\/types\/page"}],"author":[{"embeddable":true,"href":"https:\/\/www.opus.ee\/en\/wp-json\/wp\/v2\/users\/4"}],"replies":[{"embeddable":true,"href":"https:\/\/www.opus.ee\/en\/wp-json\/wp\/v2\/comments?post=3132"}],"version-history":[{"count":50,"href":"https:\/\/www.opus.ee\/en\/wp-json\/wp\/v2\/pages\/3132\/revisions"}],"predecessor-version":[{"id":3883,"href":"https:\/\/www.opus.ee\/en\/wp-json\/wp\/v2\/pages\/3132\/revisions\/3883"}],"wp:featuredmedia":[{"embeddable":true,"href":"https:\/\/www.opus.ee\/en\/wp-json\/wp\/v2\/media\/3108"}],"wp:attachment":[{"href":"https:\/\/www.opus.ee\/en\/wp-json\/wp\/v2\/media?parent=3132"}],"curies":[{"name":"wp","href":"https:\/\/api.w.org\/{rel}","templated":true}]}}